{"id":2546,"date":"2025-04-18T07:07:13","date_gmt":"2025-04-18T05:07:13","guid":{"rendered":"https:\/\/www.vandevencaravans.be\/politique-en-matiere-de-cookies\/"},"modified":"2025-05-13T15:29:44","modified_gmt":"2025-05-13T13:29:44","slug":"politique-en-matiere-de-cookies","status":"publish","type":"page","link":"https:\/\/www.vandevencaravans.be\/fr\/politique-en-matiere-de-cookies\/","title":{"rendered":"Politique en mati\u00e8re de cookies"},"content":{"rendered":"<section class=\"l-section wpb_row us_custom_5124a983 height_medium\"><div class=\"l-section-h i-cf\"><div class=\"g-cols vc_row via_flex valign_top type_default stacking_default\"><div class=\"vc_col-sm-12 wpb_column vc_column_container\"><div class=\"vc_column-inner\"><div class=\"wpb_wrapper\"><div class=\"w-separator size_small\"><\/div><div class=\"w-iconbox iconpos_left style_default color_custom align_left no_title\"><div class=\"w-iconbox-icon\" style=\"font-size:1rem;--icon-color:#000000;\"><i class=\"fas fa-home\"><\/i><\/div><div class=\"w-iconbox-meta\"><div class=\"w-iconbox-text\"><p><nav aria-label=\"breadcrumbs\" class=\"rank-math-breadcrumb\"><p><span class=\"last\">Home<\/span><\/p><\/nav><\/p>\n<\/div><\/div><\/div><\/div><\/div><\/div><\/div><\/div><\/section><section class=\"l-section wpb_row height_medium\"><div class=\"l-section-h i-cf\"><div class=\"g-cols vc_row via_flex valign_top type_default stacking_default\"><div class=\"vc_col-sm-12 wpb_column vc_column_container\"><div class=\"vc_column-inner\"><div class=\"wpb_wrapper\"><div class=\"wpb_text_column\"><div class=\"wpb_wrapper\"><h1>Politique en mati\u00e8re de cookies<\/h1>\n<\/div><\/div><\/div><\/div><\/div><\/div><\/div><\/section><section class=\"l-section wpb_row height_auto\"><div class=\"l-section-h i-cf\"><div class=\"g-cols vc_row via_flex valign_top type_default stacking_default\"><div class=\"vc_col-sm-12 wpb_column vc_column_container\"><div class=\"vc_column-inner\"><div class=\"wpb_wrapper\"><div class=\"wpb_text_column\"><div class=\"wpb_wrapper\"><\/div><\/div><div class=\"wpb_text_column\"><div class=\"wpb_wrapper\"><p><strong>Cookies, ou techniques similaires, que nous utilisons<\/strong><\/p>\n<p>Caravans van de Ven utilise des cookies fonctionnels, analytiques et de suivi. Voir la page sur la politique en mati\u00e8re de cookies.<\/p>\n<p><strong>Visualiser, modifier ou supprimer des donn\u00e9es<\/strong><\/p>\n<p>Vous avez le droit d&rsquo;acc\u00e9der \u00e0 vos donn\u00e9es personnelles, de les corriger ou de les supprimer. En outre, vous avez le droit de retirer votre \u00e9ventuel consentement au traitement des donn\u00e9es ou de vous opposer au traitement de vos donn\u00e9es personnelles par Caravans van de Ven et vous avez le droit \u00e0 la portabilit\u00e9 des donn\u00e9es. Cela signifie que vous pouvez nous demander d&rsquo;envoyer les donn\u00e9es personnelles que nous d\u00e9tenons \u00e0 votre sujet dans un fichier informatique \u00e0 vous-m\u00eame ou \u00e0 une autre organisation que vous avez d\u00e9sign\u00e9e. Vous pouvez envoyer une demande d&rsquo;acc\u00e8s, de correction, de suppression, de transfert de vos donn\u00e9es personnelles ou demander la r\u00e9vocation de votre consentement ou de votre objection au traitement de vos donn\u00e9es personnelles \u00e0 info@vandeven-caravans.be. Afin de nous assurer que la demande de contr\u00f4le \u00e9mane bien de vous, nous vous demandons de joindre \u00e0 votre demande une copie de votre pi\u00e8ce d&rsquo;identit\u00e9. Sur cette copie, noircissez votre photo de passeport, votre num\u00e9ro de passeport et votre num\u00e9ro de registre national. Ceci afin de prot\u00e9ger votre vie priv\u00e9e. Nous r\u00e9pondrons \u00e0 votre demande d\u00e8s que possible, mais dans un d\u00e9lai de quatre semaines. Caravans van de Ven souhaite \u00e9galement vous informer que vous avez la possibilit\u00e9 de d\u00e9poser une plainte aupr\u00e8s du r\u00e9gulateur national, l&rsquo;Autorit\u00e9 des donn\u00e9es personnelles. Vous pouvez le faire via le lien suivant : https:\/\/www.gegevensbeschermingsautoriteit.be\/burger\/acties\/klacht-indienen<\/p>\n<p><strong>Comment nous s\u00e9curisons les donn\u00e9es personnelles<\/strong><\/p>\n<p>Caravans van de Ven prend au s\u00e9rieux la protection de vos donn\u00e9es et prend des mesures appropri\u00e9es pour emp\u00eacher l&rsquo;utilisation abusive, la perte, l&rsquo;acc\u00e8s non autoris\u00e9, la divulgation non d\u00e9sir\u00e9e et la modification non autoris\u00e9e. Si vous estimez que vos donn\u00e9es ne sont pas correctement s\u00e9curis\u00e9es ou qu&rsquo;il y a des indications d&rsquo;abus, veuillez contacter notre service client\u00e8le ou via info@vandeven-caravans.be.<\/p>\n<p><strong>Partage des donn\u00e9es personnelles avec des tiers<\/strong><\/p>\n<p>Caravans van de Ven partage vos donn\u00e9es personnelles avec divers tiers si cela est n\u00e9cessaire \u00e0 l&rsquo;ex\u00e9cution du contrat et au respect de toute obligation l\u00e9gale. Nous concluons un accord de sous-traitance avec les entreprises qui traitent vos donn\u00e9es en notre nom afin de garantir le m\u00eame niveau de s\u00e9curit\u00e9 et de confidentialit\u00e9 de vos donn\u00e9es. Caravans van de Ven reste responsable de ce traitement.<\/p>\n<p><strong>Dur\u00e9e de conservation des donn\u00e9es personnelles<\/strong><\/p>\n<p>Caravans van de Ven ne conserve vos donn\u00e9es personnelles que le temps strictement n\u00e9cessaire \u00e0 la r\u00e9alisation des objectifs pour lesquels vos donn\u00e9es ont \u00e9t\u00e9 collect\u00e9es.<\/p>\n<\/div><\/div><\/div><\/div><\/div><\/div><\/div><\/section><section class=\"l-section wpb_row height_auto\"><div class=\"l-section-h i-cf\"><div class=\"g-cols vc_row via_flex valign_top type_default stacking_default\"><div class=\"vc_col-sm-12 wpb_column vc_column_container\"><div class=\"vc_column-inner\"><div class=\"wpb_wrapper\"><div class=\"w-separator size_huge\"><\/div><\/div><\/div><\/div><\/div><\/div><\/section>\n","protected":false},"excerpt":{"rendered":"Home Politique en mati\u00e8re de cookies Cookies, ou techniques similaires, que nous utilisons Caravans van de Ven utilise des cookies fonctionnels, analytiques et de suivi. Voir la page sur la politique en mati\u00e8re de cookies. Visualiser, modifier ou supprimer des donn\u00e9es Vous avez le droit d&rsquo;acc\u00e9der \u00e0 vos donn\u00e9es personnelles, de les corriger ou de...","protected":false},"author":1,"featured_media":0,"parent":0,"menu_order":0,"comment_status":"closed","ping_status":"open","template":"","meta":{"_acf_changed":false,"footnotes":""},"class_list":["post-2546","page","type-page","status-publish","hentry"],"acf":[],"_links":{"self":[{"href":"https:\/\/www.vandevencaravans.be\/fr\/wp-json\/wp\/v2\/pages\/2546","targetHints":{"allow":["GET"]}}],"collection":[{"href":"https:\/\/www.vandevencaravans.be\/fr\/wp-json\/wp\/v2\/pages"}],"about":[{"href":"https:\/\/www.vandevencaravans.be\/fr\/wp-json\/wp\/v2\/types\/page"}],"author":[{"embeddable":true,"href":"https:\/\/www.vandevencaravans.be\/fr\/wp-json\/wp\/v2\/users\/1"}],"replies":[{"embeddable":true,"href":"https:\/\/www.vandevencaravans.be\/fr\/wp-json\/wp\/v2\/comments?post=2546"}],"version-history":[{"count":2,"href":"https:\/\/www.vandevencaravans.be\/fr\/wp-json\/wp\/v2\/pages\/2546\/revisions"}],"predecessor-version":[{"id":2548,"href":"https:\/\/www.vandevencaravans.be\/fr\/wp-json\/wp\/v2\/pages\/2546\/revisions\/2548"}],"wp:attachment":[{"href":"https:\/\/www.vandevencaravans.be\/fr\/wp-json\/wp\/v2\/media?parent=2546"}],"curies":[{"name":"wp","href":"https:\/\/api.w.org\/{rel}","templated":true}]}}