{"id":2549,"date":"2025-02-10T10:27:49","date_gmt":"2025-02-10T09:27:49","guid":{"rendered":"https:\/\/www.vandevencaravans.be\/prix\/"},"modified":"2025-05-27T11:24:34","modified_gmt":"2025-05-27T09:24:34","slug":"prix","status":"publish","type":"page","link":"https:\/\/www.vandevencaravans.be\/fr\/prix\/","title":{"rendered":"Prix"},"content":{"rendered":"<section class=\"l-section wpb_row us_custom_5124a983 height_medium\"><div class=\"l-section-h i-cf\"><div class=\"g-cols vc_row via_flex valign_top type_default stacking_default\"><div class=\"vc_col-sm-12 wpb_column vc_column_container\"><div class=\"vc_column-inner\"><div class=\"wpb_wrapper\"><div class=\"w-separator size_small\"><\/div><div class=\"w-iconbox iconpos_left style_default color_custom align_left no_title\"><div class=\"w-iconbox-icon\" style=\"font-size:1rem;--icon-color:#000000;\"><i class=\"fas fa-home\"><\/i><\/div><div class=\"w-iconbox-meta\"><div class=\"w-iconbox-text\"><p><nav aria-label=\"breadcrumbs\" class=\"rank-math-breadcrumb\"><p><span class=\"last\">Home<\/span><\/p><\/nav><\/p>\n<\/div><\/div><\/div><\/div><\/div><\/div><\/div><\/div><\/section><section class=\"l-section wpb_row circlebefore2 height_medium\"><div class=\"l-section-h i-cf\"><div class=\"g-cols vc_row via_flex valign_top type_default stacking_default\"><div class=\"vc_col-sm-6 wpb_column vc_column_container\"><div class=\"vc_column-inner\"><div class=\"wpb_wrapper\"><div class=\"wpb_text_column us_custom_ea76afbe\"><div class=\"wpb_wrapper\"><h1>Votre propre mobil-home au meilleur prix<\/h1>\n<\/div><\/div><div class=\"w-separator size_small\"><\/div><div class=\"w-btn-wrapper align_none\"><a class=\"w-btn us-btn-style_3\" href=\"https:\/\/www.vandevencaravans.be\/fr\/recherche\/\"><span class=\"w-btn-label\">D\u00e9couvrez notre gamme compl\u00e8te<\/span><\/a><\/div><\/div><\/div><\/div><div class=\"vc_col-sm-6 wpb_column vc_column_container\"><div class=\"vc_column-inner\"><div class=\"wpb_wrapper\"><div class=\"wpb_text_column us_custom_9e7db91e\"><div class=\"wpb_wrapper\"><p>Trouvez le mobil-home qui vous convient parfaitement !<\/p>\n<\/div><\/div><div class=\"w-separator size_small\"><\/div><div class=\"wpb_text_column\"><div class=\"wpb_wrapper\"><p>Combien co\u00fbte un mobil-home ? Quelle marque offre le meilleur prix ? Quel est le d\u00e9lai de livraison ? Un mobil-home peut-il \u00eatre fabriqu\u00e9 sur mesure ? Posez toutes vos questions \u00e0 Caravans Van de Ven \u00e0 Beveren-Waas, nous nous ferons un plaisir de vous aider !<\/p>\n<p><a href=\"https:\/\/www.vandevencaravans.be\/fr\/mobil-homes\/\">Les mobil-homes<\/a> Caravans Van de Ven ne sont pas seulement de la plus haute qualit\u00e9, le rapport qualit\u00e9-prix est \u00e9galement plus qu&rsquo;excellent. Jetez un coup d&rsquo;\u0153il \u00e0 la concurrence, vous verrez que nos prix sont imbattables !<\/p>\n<p>Si vous trouvez un meilleur prix, n&rsquo;h\u00e9sitez pas \u00e0 nous le faire savoir ! Chez Caravans Van de Ven, nous sommes fiers d&rsquo;offrir la qualit\u00e9 \u00e0 un prix d\u00e9mocratique.<\/p>\n<p>Venez sur <a href=\"https:\/\/www.vandevencaravans.be\/fr\/parc-dexposition\/\">notre site, Gentseweg 386 \u00e0 Beveren-Waas,<\/a> et nous vous parlerons de la qualit\u00e9 et des prix de nos diff\u00e9rents mod\u00e8les. Et vous pourrez d\u00e9j\u00e0 vous promener pour la premi\u00e8re fois dans peut-\u00eatre votre futur logement pour vos vacances.<\/p>\n<p>Int\u00e9ress\u00e9 ? N&rsquo;h\u00e9sitez pas \u00e0 <a href=\"https:\/\/www.vandevencaravans.be\/fr\/contact\/\">nous contacter<\/a> \u00e0 Beveren-Waas et \u00e0 vous renseigner sur nos prix int\u00e9ressants pour les mobil-homes !<\/p>\n<\/div><\/div><\/div><\/div><\/div><\/div><\/div><\/section>\n","protected":false},"excerpt":{"rendered":"Home Votre propre mobil-home au meilleur prix D\u00e9couvrez notre gamme compl\u00e8teTrouvez le mobil-home qui vous convient parfaitement ! Combien co\u00fbte un mobil-home ? Quelle marque offre le meilleur prix ? Quel est le d\u00e9lai de livraison ? Un mobil-home peut-il \u00eatre fabriqu\u00e9 sur mesure ? Posez toutes vos questions \u00e0 Caravans Van de Ven \u00e0...","protected":false},"author":1,"featured_media":0,"parent":0,"menu_order":2,"comment_status":"closed","ping_status":"closed","template":"","meta":{"_acf_changed":false,"footnotes":""},"class_list":["post-2549","page","type-page","status-publish","hentry"],"acf":[],"_links":{"self":[{"href":"https:\/\/www.vandevencaravans.be\/fr\/wp-json\/wp\/v2\/pages\/2549","targetHints":{"allow":["GET"]}}],"collection":[{"href":"https:\/\/www.vandevencaravans.be\/fr\/wp-json\/wp\/v2\/pages"}],"about":[{"href":"https:\/\/www.vandevencaravans.be\/fr\/wp-json\/wp\/v2\/types\/page"}],"author":[{"embeddable":true,"href":"https:\/\/www.vandevencaravans.be\/fr\/wp-json\/wp\/v2\/users\/1"}],"replies":[{"embeddable":true,"href":"https:\/\/www.vandevencaravans.be\/fr\/wp-json\/wp\/v2\/comments?post=2549"}],"version-history":[{"count":14,"href":"https:\/\/www.vandevencaravans.be\/fr\/wp-json\/wp\/v2\/pages\/2549\/revisions"}],"predecessor-version":[{"id":2831,"href":"https:\/\/www.vandevencaravans.be\/fr\/wp-json\/wp\/v2\/pages\/2549\/revisions\/2831"}],"wp:attachment":[{"href":"https:\/\/www.vandevencaravans.be\/fr\/wp-json\/wp\/v2\/media?parent=2549"}],"curies":[{"name":"wp","href":"https:\/\/api.w.org\/{rel}","templated":true}]}}