{"id":2550,"date":"2025-04-18T07:07:54","date_gmt":"2025-04-18T05:07:54","guid":{"rendered":"https:\/\/www.vandevencaravans.be\/conditions-generales-dutilisation\/"},"modified":"2025-05-13T15:29:56","modified_gmt":"2025-05-13T13:29:56","slug":"conditions-generales-dutilisation","status":"publish","type":"page","link":"https:\/\/www.vandevencaravans.be\/fr\/conditions-generales-dutilisation\/","title":{"rendered":"Conditions g\u00e9n\u00e9rales d&rsquo;utilisation"},"content":{"rendered":"<section class=\"l-section wpb_row us_custom_5124a983 height_medium\"><div class=\"l-section-h i-cf\"><div class=\"g-cols vc_row via_flex valign_top type_default stacking_default\"><div class=\"vc_col-sm-12 wpb_column vc_column_container\"><div class=\"vc_column-inner\"><div class=\"wpb_wrapper\"><div class=\"w-separator size_small\"><\/div><div class=\"w-iconbox iconpos_left style_default color_custom align_left no_title\"><div class=\"w-iconbox-icon\" style=\"font-size:1rem;--icon-color:#000000;\"><i class=\"fas fa-home\"><\/i><\/div><div class=\"w-iconbox-meta\"><div class=\"w-iconbox-text\"><p><nav aria-label=\"breadcrumbs\" class=\"rank-math-breadcrumb\"><p><span class=\"last\">Home<\/span><\/p><\/nav><\/p>\n<\/div><\/div><\/div><\/div><\/div><\/div><\/div><\/div><\/section><section class=\"l-section wpb_row height_medium\"><div class=\"l-section-h i-cf\"><div class=\"g-cols vc_row via_flex valign_top type_default stacking_default\"><div class=\"vc_col-sm-12 wpb_column vc_column_container\"><div class=\"vc_column-inner\"><div class=\"wpb_wrapper\"><div class=\"wpb_text_column\"><div class=\"wpb_wrapper\"><h1>CONDITIONS DE VENTE<\/h1>\n<\/div><\/div><\/div><\/div><\/div><\/div><\/div><\/section><section class=\"l-section wpb_row height_auto\"><div class=\"l-section-h i-cf\"><div class=\"g-cols vc_row via_flex valign_top type_default stacking_default\"><div class=\"vc_col-sm-6 wpb_column vc_column_container\"><div class=\"vc_column-inner\"><div class=\"wpb_wrapper\"><div class=\"wpb_text_column\"><div class=\"wpb_wrapper\"><p><strong>Article 1 : Prix<\/strong><br \/>\nLe prix convenu est payable au comptant et sans escompte \u00e0<br \/>\nBeveren.<\/p>\n<p><strong>Article 2 : Arr\u00eat\u00e9<\/strong><\/p>\n<p>Si, apr\u00e8s avoir sign\u00e9 le formulaire de commande, l&rsquo;acheteur annule l&rsquo;achat<br \/>\npour quelque raison que ce soit, il sera tenu de verser au vendeur<br \/>\nune indemnit\u00e9 de 40 % sur le prix d&rsquo;achat total<br \/>\ndes marchandises achet\u00e9es, et ce sans pr\u00e9avis.<\/p>\n<p><strong>Article 3 : D\u00e9lai de livraison<\/strong><\/p>\n<p>Les d\u00e9lais de livraison sont donn\u00e9s \u00e0 titre indicatif<br \/>\net ne sont pas contraignants.<br \/>\nLe d\u00e9passement du d\u00e9lai de livraison ne donne pas \u00e0<br \/>\nle droit de r\u00e9silier le contrat ou d&rsquo;obtenir des dommages-int\u00e9r\u00eats.<\/p>\n<p><strong>Article 4 : Reprise pour cause de caravane d&rsquo;occasion.<\/strong><\/p>\n<p>Si le bon de commande fait r\u00e9f\u00e9rence \u00e0 la reprise d&rsquo;une caravane \u00e0 deux<br \/>\ndehand, cette reprise est subordonn\u00e9e \u00e0 la livraison de<br \/>\nla nouvelle caravane.<br \/>\nIl est express\u00e9ment convenu que la<br \/>\ncaravane d&rsquo;occasion ne peut comporter qu&rsquo;un paiement partiel en nature<br \/>\nde la caravane neuve, achet\u00e9e en remplacement et ce<br \/>\n\u00e0 une valeur convenue et d\u00e9termin\u00e9e sur le bon de commande, Cette sur-valeur<br \/>\nn&rsquo;est retenue que dans la mesure o\u00f9 l&rsquo;\u00e9tat des deux<br \/>\ncaravane d&rsquo;occasion au jour de la livraison par l&rsquo;acheteur, correspond parfaitement \u00e0 la description qui en a \u00e9t\u00e9 faite par \u00e9crit par le vendeur, contradictoirement et<br \/>\n.<\/p>\n<p>Le cessionnaire doit fournir la preuve de la propri\u00e9t\u00e9<br \/>\nde la caravane d&rsquo;occasion \u00e0 c\u00e9der et du respect de tous les engagements<br \/>\nrelatifs \u00e0 un \u00e9ventuel financement<br \/>\n,<\/p>\n<p>Les caravanes ne seront prises en charge que si elles sont accompagn\u00e9es d&rsquo;une facture ou d&rsquo;un certificat de conformit\u00e9 original<br \/>\n, de la carte verte du contr\u00f4le technique<br \/>\n, des deux bandes A et B et du certificat d&rsquo;immatriculation.<br \/>\nJusqu&rsquo;\u00e0 la livraison, le c\u00e9dant supporte le risque de l&rsquo;objet \u00e0 c\u00e9der<br \/>\n.<\/p>\n<p><strong>Article 5 : Livraison<\/strong><\/p>\n<p>La caravane est livr\u00e9e apr\u00e8s paiement comptant par l&rsquo;acheteur du prix convenu sur<br \/>\n, ou en cas de financement, apr\u00e8s paiement de l&rsquo;avance<br \/>\net du solde du prix par ce tiers. Le paiement<br \/>\ndoit \u00eatre effectu\u00e9 au plus tard lors de la prise en charge de la caravane dans l&rsquo;\u00e9tablissement du vendeur<br \/>\n.<\/p>\n<p>Lorsque l&rsquo;acheteur charge le vendeur du transport, l&rsquo;acheteur<br \/>\ndoit fournir au vendeur toutes les informations utiles sur l&rsquo;accessibilit\u00e9 du site qu&rsquo;il a choisi.<\/p>\n<p>En cas d&rsquo;inaccessibilit\u00e9, les marchandises ne seront transport\u00e9es que sur<br \/>\njusqu&rsquo;\u00e0 la \u00ab\u00a0route goudronn\u00e9e carrossable la plus proche\u00a0\u00bb.<\/p>\n<p>Les marchandises sont exp\u00e9di\u00e9es aux risques et p\u00e9rils de l&rsquo;acheteur.<\/p>\n<p>Le vendeur ne peut \u00eatre tenu responsable des retards et\/ou dommages r\u00e9sultant du transport.<\/p>\n<p>Toute r\u00e9clamation concernant la livraison doit parvenir au vendeur<br \/>\nau plus tard<br \/>\n8 jours apr\u00e8s la livraison et en tout cas avant la mise en service.<\/p>\n<\/div><\/div><\/div><\/div><\/div><div class=\"vc_col-sm-6 wpb_column vc_column_container\"><div class=\"vc_column-inner\"><div class=\"wpb_wrapper\"><div class=\"wpb_text_column\"><div class=\"wpb_wrapper\"><p><strong>Article 6 : Responsabilit\u00e9<\/strong><\/p>\n<p>L&rsquo;acceptation par l&rsquo;acheteur couvre tous les d\u00e9fauts visibles. Le vendeur<br \/>\nn&rsquo;offre une garantie pour les vices cach\u00e9s que jusqu&rsquo;\u00e0 1<br \/>\nann\u00e9e apr\u00e8s la livraison.<\/p>\n<p>En cas de vices cach\u00e9s, le vendeur n&rsquo;est tenu que de<br \/>\nr\u00e9parer, et si la r\u00e9paration n&rsquo;est pas possible, de remplacer.<\/p>\n<p><strong>Article 7 : Paiement<\/strong><\/p>\n<p>Toutes les factures sont payables au comptant et sans escompte. La protestation<br \/>\ncontre la facture doit \u00eatre formul\u00e9e par \u00e9crit dans les 8 jours suivant<br \/>\nla date de la facture. <\/p>\n<p>En cas de non-paiement de la facture dans le d\u00e9lai imparti<br \/>\n, des int\u00e9r\u00eats moratoires sont dus de plein droit et sans mise en demeure pr\u00e9alable \u00e0 compter de la date d&rsquo;\u00e9ch\u00e9ance, au taux de<br \/>\n1,5 % par mois, ainsi qu&rsquo;une indemnit\u00e9 forfaitaire s&rsquo;\u00e9levant \u00e0<br \/>\n15 % du montant de la facture. Les frais li\u00e9s aux lettres de change ou aux ch\u00e8ques impay\u00e9s<br \/>\nainsi que les autres frais de recouvrement ne sont pas inclus dans ce montant et sont factur\u00e9s s\u00e9par\u00e9ment. Le vendeur se r\u00e9serve \u00e9galement<br \/>\nle droit de cesser les livraisons ult\u00e9rieures et de consid\u00e9rer le contrat<br \/>\ncomme r\u00e9sili\u00e9<br \/>\nsans mise en demeure pr\u00e9alable. Tant que les marchandises livr\u00e9es n&rsquo;ont pas \u00e9t\u00e9 pay\u00e9es<br \/>\n, elles restent la propri\u00e9t\u00e9 du vendeur.<\/p>\n<p><strong>Article 8 : Dissolution<\/strong><\/p>\n<p>En cas de non-respect des engagements de l&rsquo;acheteur, le vendeur<br \/>\nse r\u00e9serve le droit de consid\u00e9rer le contrat comme r\u00e9sili\u00e9 de plein droit et<br \/>\nsans mise en demeure pr\u00e9alable,<br \/>\nsans pr\u00e9judice du droit \u00e0 une indemnit\u00e9 forfaitaire s&rsquo;\u00e9levant \u00e0 40% du prix d&rsquo;achat.<\/p>\n<p><strong>Article 9 : Comp\u00e9tence<\/strong><\/p>\n<p>Tous les accords sont exclusivement r\u00e9gis par le droit belge, quel que soit le lieu de r\u00e9sidence de l&rsquo;acheteur.<\/p>\n<p>En cas de litige, seul le tribunal de commerce de<br \/>\nDendermonde, section Sint-Niklaas, est comp\u00e9tent pour conna\u00eetre du litige<br \/>\n.<\/p>\n<p><strong>Article 10 : Droit de r\u00e9tention<\/strong><br \/>\nTant que l&rsquo;acheteur n&rsquo;a pas rempli ses obligations, le vendeur<br \/>\nper a le droit de retenir le bien.<\/p>\n<\/div><\/div><\/div><\/div><\/div><\/div><\/div><\/section><section class=\"l-section wpb_row height_auto\"><div class=\"l-section-h i-cf\"><div class=\"g-cols vc_row via_flex valign_top type_default stacking_default\"><div class=\"vc_col-sm-12 wpb_column vc_column_container\"><div class=\"vc_column-inner\"><div class=\"wpb_wrapper\"><div class=\"w-separator size_huge\"><\/div><\/div><\/div><\/div><\/div><\/div><\/section>\n","protected":false},"excerpt":{"rendered":"Home CONDITIONS DE VENTE Article 1 : Prix Le prix convenu est payable au comptant et sans escompte \u00e0 Beveren. Article 2 : Arr\u00eat\u00e9 Si, apr\u00e8s avoir sign\u00e9 le formulaire de commande, l&rsquo;acheteur annule l&rsquo;achat pour quelque raison que ce soit, il sera tenu de verser au vendeur une indemnit\u00e9 de 40 % sur le...","protected":false},"author":1,"featured_media":0,"parent":0,"menu_order":0,"comment_status":"closed","ping_status":"open","template":"","meta":{"_acf_changed":false,"footnotes":""},"class_list":["post-2550","page","type-page","status-publish","hentry"],"acf":[],"_links":{"self":[{"href":"https:\/\/www.vandevencaravans.be\/fr\/wp-json\/wp\/v2\/pages\/2550","targetHints":{"allow":["GET"]}}],"collection":[{"href":"https:\/\/www.vandevencaravans.be\/fr\/wp-json\/wp\/v2\/pages"}],"about":[{"href":"https:\/\/www.vandevencaravans.be\/fr\/wp-json\/wp\/v2\/types\/page"}],"author":[{"embeddable":true,"href":"https:\/\/www.vandevencaravans.be\/fr\/wp-json\/wp\/v2\/users\/1"}],"replies":[{"embeddable":true,"href":"https:\/\/www.vandevencaravans.be\/fr\/wp-json\/wp\/v2\/comments?post=2550"}],"version-history":[{"count":4,"href":"https:\/\/www.vandevencaravans.be\/fr\/wp-json\/wp\/v2\/pages\/2550\/revisions"}],"predecessor-version":[{"id":2558,"href":"https:\/\/www.vandevencaravans.be\/fr\/wp-json\/wp\/v2\/pages\/2550\/revisions\/2558"}],"wp:attachment":[{"href":"https:\/\/www.vandevencaravans.be\/fr\/wp-json\/wp\/v2\/media?parent=2550"}],"curies":[{"name":"wp","href":"https:\/\/api.w.org\/{rel}","templated":true}]}}