{"id":2586,"date":"2025-02-10T10:27:49","date_gmt":"2025-02-10T09:27:49","guid":{"rendered":"https:\/\/www.vandevencaravans.be\/faq\/"},"modified":"2025-05-22T11:17:07","modified_gmt":"2025-05-22T09:17:07","slug":"faq","status":"publish","type":"page","link":"https:\/\/www.vandevencaravans.be\/fr\/faq\/","title":{"rendered":"FAQ"},"content":{"rendered":"<section class=\"l-section wpb_row us_custom_5124a983 height_medium\"><div class=\"l-section-h i-cf\"><div class=\"g-cols vc_row via_flex valign_top type_default stacking_default\"><div class=\"vc_col-sm-12 wpb_column vc_column_container\"><div class=\"vc_column-inner\"><div class=\"wpb_wrapper\"><div class=\"w-separator size_small\"><\/div><div class=\"w-iconbox iconpos_left style_default color_custom align_left no_title\"><div class=\"w-iconbox-icon\" style=\"font-size:1rem;--icon-color:#000000;\"><i class=\"fas fa-home\"><\/i><\/div><div class=\"w-iconbox-meta\"><div class=\"w-iconbox-text\"><p><nav aria-label=\"breadcrumbs\" class=\"rank-math-breadcrumb\"><p><span class=\"last\">Home<\/span><\/p><\/nav><\/p>\n<\/div><\/div><\/div><\/div><\/div><\/div><\/div><\/div><\/section><section class=\"l-section wpb_row circlebefore2 height_medium\"><div class=\"l-section-h i-cf\"><div class=\"g-cols vc_row via_flex valign_top type_default stacking_default\"><div class=\"vc_col-sm-6 wpb_column vc_column_container\"><div class=\"vc_column-inner\"><div class=\"wpb_wrapper\"><div class=\"wpb_text_column us_custom_ea76afbe\"><div class=\"wpb_wrapper\"><h1>Questions fr\u00e9quemment pos\u00e9es<\/h1>\n<\/div><\/div><div class=\"w-separator size_small\"><\/div><div class=\"wpb_text_column\"><div class=\"wpb_wrapper\"><p class=\"\" data-start=\"181\" data-end=\"364\">D\u00e9couvrez les r\u00e9ponses aux questions fr\u00e9quemment pos\u00e9es sur les mobil-homes chez Caravans Van de Ven. Tout sur les marques, la livraison, la personnalisation, les mod\u00e8les d&rsquo;occasion et la visite.<\/p>\n<\/div><\/div><div class=\"w-separator size_small\"><\/div><div class=\"w-btn-wrapper align_none\"><a class=\"w-btn us-btn-style_3 icon_atleft\" href=\"https:\/\/www.vandevencaravans.be\/fr\/contact\/\"><i class=\"fas fa-bullhorn\"><\/i><span class=\"w-btn-label\">Avez-vous une autre question ?<\/span><\/a><\/div><\/div><\/div><\/div><div class=\"vc_col-sm-6 wpb_column vc_column_container\"><div class=\"vc_column-inner\"><div class=\"wpb_wrapper\"><div class=\"w-tabs style_default switch_click accordion has_scrolling\" style=\"--sections-title-size:inherit\"><div class=\"w-tabs-sections titles-align_none icon_chevron cpos_right\"><div class=\"w-tabs-section active\" id=\"e0cf\"><button class=\"w-tabs-section-header active\" aria-controls=\"content-e0cf\" aria-expanded=\"true\"><div class=\"w-tabs-section-title\">Puis-je faire personnaliser un mobil-home ?<\/div><div class=\"w-tabs-section-control\"><\/div><\/button><div  class=\"w-tabs-section-content\" id=\"content-e0cf\"><div class=\"w-tabs-section-content-h i-cf\"><div class=\"wpb_text_column\"><div class=\"wpb_wrapper\"><p class=\"\" data-start=\"584\" data-end=\"906\">Oui, Caravans Van de Ven offre la possibilit\u00e9 de personnaliser les mobil-homes. Ils peuvent personnaliser les mod\u00e8les en fonction de vos souhaits et de vos besoins. Pour les personnalisations sp\u00e9cifiques et les prix, veuillez contacter l&rsquo;entreprise.<\/p>\n<\/div><\/div><\/div><\/div><\/div><div class=\"w-tabs-section\" id=\"p184\"><button class=\"w-tabs-section-header\" aria-controls=\"content-p184\" aria-expanded=\"false\"><div class=\"w-tabs-section-title\">Quel est le d\u00e9lai de livraison d&rsquo;un mobil-home ?<\/div><div class=\"w-tabs-section-control\"><\/div><\/button><div  class=\"w-tabs-section-content\" id=\"content-p184\"><div class=\"w-tabs-section-content-h i-cf\"><div class=\"wpb_text_column\"><div class=\"wpb_wrapper\"><p class=\"\" data-start=\"966\" data-end=\"1123\"><span class=\"relative -mx-px my-&#091;-0.2rem&#093; rounded px-px py-&#091;0.2rem&#093; transition-colors duration-100 ease-in-out\">Le d\u00e9lai de livraison peut varier en fonction du mod\u00e8le et des sp\u00e9cifications choisies.<\/span> <span class=\"relative -mx-px my-&#091;-0.2rem&#093; rounded px-px py-&#091;0.2rem&#093; transition-colors duration-100 ease-in-out\">Pour obtenir les derni\u00e8res informations sur les d\u00e9lais de livraison, veuillez contacter directement Caravans Van de Ven.<\/span><\/p>\n<\/div><\/div><\/div><\/div><\/div><div class=\"w-tabs-section\" id=\"d20e\"><button class=\"w-tabs-section-header\" aria-controls=\"content-d20e\" aria-expanded=\"false\"><div class=\"w-tabs-section-title\">Quelles marques de mobil-homes Caravans Van de Ven proposent-t-ils ?<\/div><div class=\"w-tabs-section-control\"><\/div><\/button><div  class=\"w-tabs-section-content\" id=\"content-d20e\"><div class=\"w-tabs-section-content-h i-cf\"><div class=\"wpb_text_column\"><div class=\"wpb_wrapper\"><p class=\"\" data-start=\"213\" data-end=\"528\">Caravans Van de Ven est le principal importateur belge des marques Europa et Arronbrook. Ils proposent des caravanes neuves et ainsi que d&rsquo;occasion, avec un large \u00e9ventail de mod\u00e8les et de styles pour r\u00e9pondre \u00e0 diff\u00e9rents besoins.<\/p>\n<\/div><\/div><\/div><\/div><\/div><div class=\"w-tabs-section\" id=\"u29a\"><button class=\"w-tabs-section-header\" aria-controls=\"content-u29a\" aria-expanded=\"false\"><div class=\"w-tabs-section-title\">Caravans Van de Ven proposent-t-ils \u00e9galement des mobil-homes d&rsquo;occasion ?<\/div><div class=\"w-tabs-section-control\"><\/div><\/button><div  class=\"w-tabs-section-content\" id=\"content-u29a\"><div class=\"w-tabs-section-content-h i-cf\"><div class=\"wpb_text_column\"><div class=\"wpb_wrapper\"><p class=\"\" data-start=\"1195\" data-end=\"1356\"><span class=\"relative -mx-px my-&#091;-0.2rem&#093; rounded px-px py-&#091;0.2rem&#093; transition-colors duration-100 ease-in-out\">Oui, outre les nouveaux mod\u00e8les, Caravans Van de Ven dispose \u00e9galement d&rsquo;une s\u00e9lection de mobil-homes d&rsquo;occasion.<\/span> <span class=\"relative -mx-px my-&#091;-0.2rem&#093; rounded px-px py-&#091;0.2rem&#093; transition-colors duration-100 ease-in-out\">Ceux-ci sont soigneusement s\u00e9lectionn\u00e9s et constituent une option rentable pour les clients.<\/span><\/p>\n<\/div><\/div><\/div><\/div><\/div><\/div><\/div><\/div><\/div><\/div><\/div><\/div><\/section>\n","protected":false},"excerpt":{"rendered":"Home Questions fr\u00e9quemment pos\u00e9es D\u00e9couvrez les r\u00e9ponses aux questions fr\u00e9quemment pos\u00e9es sur les mobil-homes chez Caravans Van de Ven. Tout sur les marques, la livraison, la personnalisation, les mod\u00e8les d&rsquo;occasion et la visite. Avez-vous une autre question ?Puis-je faire personnaliser un mobil-home ?Oui, Caravans Van de Ven offre la possibilit\u00e9 de personnaliser les mobil-homes. Ils...","protected":false},"author":1,"featured_media":0,"parent":0,"menu_order":2,"comment_status":"closed","ping_status":"closed","template":"","meta":{"_acf_changed":false,"footnotes":""},"class_list":["post-2586","page","type-page","status-publish","hentry"],"acf":[],"_links":{"self":[{"href":"https:\/\/www.vandevencaravans.be\/fr\/wp-json\/wp\/v2\/pages\/2586","targetHints":{"allow":["GET"]}}],"collection":[{"href":"https:\/\/www.vandevencaravans.be\/fr\/wp-json\/wp\/v2\/pages"}],"about":[{"href":"https:\/\/www.vandevencaravans.be\/fr\/wp-json\/wp\/v2\/types\/page"}],"author":[{"embeddable":true,"href":"https:\/\/www.vandevencaravans.be\/fr\/wp-json\/wp\/v2\/users\/1"}],"replies":[{"embeddable":true,"href":"https:\/\/www.vandevencaravans.be\/fr\/wp-json\/wp\/v2\/comments?post=2586"}],"version-history":[{"count":8,"href":"https:\/\/www.vandevencaravans.be\/fr\/wp-json\/wp\/v2\/pages\/2586\/revisions"}],"predecessor-version":[{"id":2832,"href":"https:\/\/www.vandevencaravans.be\/fr\/wp-json\/wp\/v2\/pages\/2586\/revisions\/2832"}],"wp:attachment":[{"href":"https:\/\/www.vandevencaravans.be\/fr\/wp-json\/wp\/v2\/media?parent=2586"}],"curies":[{"name":"wp","href":"https:\/\/api.w.org\/{rel}","templated":true}]}}