{"id":2611,"date":"2025-02-10T09:26:26","date_gmt":"2025-02-10T08:26:26","guid":{"rendered":"https:\/\/www.vandevencaravans.be\/politique-de-confidentialite\/"},"modified":"2025-05-13T15:33:44","modified_gmt":"2025-05-13T13:33:44","slug":"politique-de-confidentialite","status":"publish","type":"page","link":"https:\/\/www.vandevencaravans.be\/fr\/politique-de-confidentialite\/","title":{"rendered":"Politique de confidentialit\u00e9"},"content":{"rendered":"<section class=\"l-section wpb_row us_custom_5124a983 height_medium\"><div class=\"l-section-h i-cf\"><div class=\"g-cols vc_row via_flex valign_top type_default stacking_default\"><div class=\"vc_col-sm-12 wpb_column vc_column_container\"><div class=\"vc_column-inner\"><div class=\"wpb_wrapper\"><div class=\"w-separator size_small\"><\/div><div class=\"w-iconbox iconpos_left style_default color_custom align_left no_title\"><div class=\"w-iconbox-icon\" style=\"font-size:1rem;--icon-color:#000000;\"><i class=\"fas fa-home\"><\/i><\/div><div class=\"w-iconbox-meta\"><div class=\"w-iconbox-text\"><p><nav aria-label=\"breadcrumbs\" class=\"rank-math-breadcrumb\"><p><span class=\"last\">Home<\/span><\/p><\/nav><\/p>\n<\/div><\/div><\/div><\/div><\/div><\/div><\/div><\/div><\/section><section class=\"l-section wpb_row height_medium\"><div class=\"l-section-h i-cf\"><div class=\"g-cols vc_row via_flex valign_top type_default stacking_default\"><div class=\"vc_col-sm-12 wpb_column vc_column_container\"><div class=\"vc_column-inner\"><div class=\"wpb_wrapper\"><div class=\"wpb_text_column\"><div class=\"wpb_wrapper\"><h1>Politique de confidentialit\u00e9<\/h1>\n<\/div><\/div><\/div><\/div><\/div><\/div><\/div><\/section><section class=\"l-section wpb_row height_auto\"><div class=\"l-section-h i-cf\"><div class=\"g-cols vc_row via_flex valign_top type_default stacking_default\"><div class=\"vc_col-sm-6 wpb_column vc_column_container\"><div class=\"vc_column-inner\"><div class=\"wpb_wrapper\"><div class=\"wpb_text_column\"><div class=\"wpb_wrapper\"><p>Caravans van de Ven, gevestigd aan Gentseweg 386 9120 Beveren-Waas (Beveren), is verantwoordelijk voor de verwerking van persoonsgegevens zoals weergegeven in deze privacyverklaring.<\/p>\n<p>Contactgegevens:<\/p>\n<blockquote class=\"wp-embedded-content\" data-secret=\"yulwR5BgSZ\">\n<p><a href=\"https:\/\/www.vandevencaravans.be\/fr\/\">Accueil<\/a><\/p>\n<\/blockquote>\n<p><iframe loading=\"lazy\" class=\"wp-embedded-content\" sandbox=\"allow-scripts\" security=\"restricted\" style=\"position: absolute; visibility: hidden;\" title=\"\u00ab\u00a0Accueil\u00a0\u00bb &#8212; van de Ven Caravans\" src=\"https:\/\/www.vandevencaravans.be\/fr\/embed\/#?secret=geSjs8081g#?secret=yulwR5BgSZ\" data-secret=\"yulwR5BgSZ\" width=\"600\" height=\"338\" frameborder=\"0\" marginwidth=\"0\" marginheight=\"0\" scrolling=\"no\"><\/iframe><\/p>\n<p>Gentseweg 386 9120 Beveren-Waas (Beveren)<\/p>\n<p><a href=\"tel:+3237759804\">tel:+3237759804<\/a><\/p>\n<p>Yannick van de Ven is de Functionaris Gegevensbescherming van Caravans van de Ven Hij\/zij is te bereiken via info@vandeven-caravans.be<\/p>\n<p><strong>Persoonsgegevens die wij verwerken<\/strong><\/p>\n<p>Caravans van de Ven verwerkt je persoonsgegevens doordat je gebruik maakt van onze diensten en\/of omdat je deze gegevens zelf aan ons verstrekt. Hieronder vind je een overzicht van de persoonsgegevens die wij verwerken:<\/p>\n<p>&#8211; Voor- en achternaam<\/p>\n<p>&#8211; Internetbrowser en apparaat type<\/p>\n<p>&#8211; Adresgegevens<\/p>\n<p>&#8211; Telefoonnummer<\/p>\n<p>&#8211; E-mailadres<\/p>\n<p>&#8211; IP-adres<\/p>\n<p>&#8211; Gegevens over jouw activiteiten op onze website<\/p>\n<p><strong>Bijzondere en\/of gevoelige persoonsgegevens die wij verwerken<\/strong><\/p>\n<p>Onze website en\/of dienst heeft niet de intentie gegevens te verzamelen over websitebezoekers die jonger zijn dan 16 jaar. Tenzij ze toestemming hebben van ouders of voogd. We kunnen echter niet controleren of een bezoeker ouder dan 16 is. Wij raden ouders dan ook aan betrokken te zijn bij de online activiteiten van hun kinderen, om zo te voorkomen dat er gegevens over kinderen verzameld worden zonder ouderlijke toestemming. Als je er van overtuigd bent dat wij zonder die toestemming persoonlijke gegevens hebben verzameld over een minderjarige, neem dan contact met ons op via info@vandeven-caravans.be, dan verwijderen wij deze informatie.<\/p>\n<p><strong>Caravans van de Ven verwerkt jouw persoonsgegevens voor de volgende doelen:<\/strong><\/p>\n<p>&#8211; Verzenden van onze nieuwsbrief en\/of reclamefolder<\/p>\n<p>&#8211; Je te kunnen bellen of e-mailen indien dit nodig is om onze dienstverlening uit te kunnen voeren<\/p>\n<p>&#8211; Je te informeren over wijzigingen van onze diensten en producten<\/p>\n<p>&#8211; Caravans van de Ven analyseert jouw gedrag op de website om daarmee de website te verbeteren en het aanbod van producten en diensten af te stemmen op jouw voorkeuren.<\/p>\n<\/div><\/div><\/div><\/div><\/div><div class=\"vc_col-sm-6 wpb_column vc_column_container\"><div class=\"vc_column-inner\"><div class=\"wpb_wrapper\"><div class=\"wpb_text_column\"><div class=\"wpb_wrapper\"><p><strong>Cookies, ou techniques similaires, que nous utilisons<\/strong><\/p>\n<p>Caravans van de Ven utilise des cookies fonctionnels, analytiques et de suivi. Voir la page Politique en mati\u00e8re de cookies. <\/p>\n<p><strong>Visualiser, modifier ou supprimer des donn\u00e9es<\/strong><\/p>\n<p>Vous avez le droit de consulter, de corriger ou de supprimer vos donn\u00e9es personnelles. Vous avez \u00e9galement le droit de retirer votre \u00e9ventuelle autorisation de traitement des donn\u00e9es ou de vous opposer au traitement de vos donn\u00e9es personnelles par Caravans van de Ven et vous avez le droit \u00e0 la portabilit\u00e9 des donn\u00e9es. Cela signifie que vous pouvez nous demander d&rsquo;envoyer les donn\u00e9es personnelles que nous avons sur vous dans un fichier informatique \u00e0 vous-m\u00eame ou \u00e0 une autre organisation que vous avez d\u00e9sign\u00e9e. Vous pouvez envoyer une demande d&rsquo;inspection, de correction, de suppression, de transfert de vos donn\u00e9es personnelles ou une demande de retrait de votre consentement ou d&rsquo;objection au traitement de vos donn\u00e9es personnelles \u00e0 info@vandeven-caravans.be. Afin de nous assurer que la demande d&rsquo;inspection \u00e9mane bien de vous, nous vous demandons de joindre \u00e0 votre demande une copie de votre pi\u00e8ce d&rsquo;identit\u00e9. Veuillez noircir votre photo de passeport, votre num\u00e9ro de passeport et votre num\u00e9ro national dans cette copie. Ceci afin de prot\u00e9ger votre vie priv\u00e9e. Nous r\u00e9pondrons \u00e0 votre demande le plus rapidement possible, mais dans un d\u00e9lai de quatre semaines. Caravans van de Ven souhaite \u00e9galement souligner que vous avez la possibilit\u00e9 de d\u00e9poser une plainte aupr\u00e8s de l&rsquo;organe de contr\u00f4le national, l&rsquo;Autorit\u00e9 n\u00e9erlandaise des donn\u00e9es personnelles (Autoriteit Persoonsgegevens). Vous pouvez le faire en cliquant sur le lien suivant : https:\/\/www.gegevensbeschermingsautoriteit.be\/burger\/acties\/klacht-indienen         <\/p>\n<p><strong>Comment nous s\u00e9curisons les donn\u00e9es personnelles<\/strong><\/p>\n<p>Caravans van de Ven prend au s\u00e9rieux la protection de vos donn\u00e9es et prend des mesures appropri\u00e9es pour les prot\u00e9ger contre l&rsquo;abus, la perte, l&rsquo;acc\u00e8s non autoris\u00e9, la divulgation non d\u00e9sir\u00e9e et la modification non autoris\u00e9e. Si vous estimez que vos donn\u00e9es ne sont pas correctement prot\u00e9g\u00e9es ou qu&rsquo;il existe des indices d&rsquo;abus, veuillez contacter notre service client\u00e8le ou via info@vandeven-caravans.be. <\/p>\n<p><strong>Partage des donn\u00e9es personnelles avec des tiers<\/strong><\/p>\n<p>Caravans van de Ven partage vos donn\u00e9es personnelles avec divers tiers si cela est n\u00e9cessaire pour ex\u00e9cuter le contrat et pour se conformer \u00e0 une \u00e9ventuelle obligation l\u00e9gale. Avec les entreprises qui traitent vos donn\u00e9es en notre nom, nous concluons un accord de traitement afin de garantir le m\u00eame niveau de s\u00e9curit\u00e9 et de confidentialit\u00e9 de vos donn\u00e9es. Caravans van de Ven reste responsable de ce traitement.  <\/p>\n<p><strong>Dur\u00e9e de conservation des donn\u00e9es personnelles<\/strong><\/p>\n<p>Caravans van de Ven ne conserve vos donn\u00e9es personnelles que le temps strictement n\u00e9cessaire \u00e0 la r\u00e9alisation des objectifs pour lesquels vos donn\u00e9es ont \u00e9t\u00e9 collect\u00e9es.<\/p>\n<\/div><\/div><\/div><\/div><\/div><\/div><\/div><\/section><section class=\"l-section wpb_row height_auto\"><div class=\"l-section-h i-cf\"><div class=\"g-cols vc_row via_flex valign_top type_default stacking_default\"><div class=\"vc_col-sm-12 wpb_column vc_column_container\"><div class=\"vc_column-inner\"><div class=\"wpb_wrapper\"><div class=\"w-separator size_huge\"><\/div><\/div><\/div><\/div><\/div><\/div><\/section>\n","protected":false},"excerpt":{"rendered":"Home Politique de confidentialit\u00e9 Caravans van de Ven, gevestigd aan Gentseweg 386 9120 Beveren-Waas (Beveren), is verantwoordelijk voor de verwerking van persoonsgegevens zoals weergegeven in deze privacyverklaring. Contactgegevens: Accueil Gentseweg 386 9120 Beveren-Waas (Beveren) tel:+3237759804 Yannick van de Ven is de Functionaris Gegevensbescherming van Caravans van de Ven Hij\/zij is te bereiken via info@vandeven-caravans.be Persoonsgegevens...","protected":false},"author":1,"featured_media":0,"parent":0,"menu_order":0,"comment_status":"closed","ping_status":"open","template":"","meta":{"_acf_changed":false,"footnotes":""},"class_list":["post-2611","page","type-page","status-publish","hentry"],"acf":[],"_links":{"self":[{"href":"https:\/\/www.vandevencaravans.be\/fr\/wp-json\/wp\/v2\/pages\/2611","targetHints":{"allow":["GET"]}}],"collection":[{"href":"https:\/\/www.vandevencaravans.be\/fr\/wp-json\/wp\/v2\/pages"}],"about":[{"href":"https:\/\/www.vandevencaravans.be\/fr\/wp-json\/wp\/v2\/types\/page"}],"author":[{"embeddable":true,"href":"https:\/\/www.vandevencaravans.be\/fr\/wp-json\/wp\/v2\/users\/1"}],"replies":[{"embeddable":true,"href":"https:\/\/www.vandevencaravans.be\/fr\/wp-json\/wp\/v2\/comments?post=2611"}],"version-history":[{"count":2,"href":"https:\/\/www.vandevencaravans.be\/fr\/wp-json\/wp\/v2\/pages\/2611\/revisions"}],"predecessor-version":[{"id":2614,"href":"https:\/\/www.vandevencaravans.be\/fr\/wp-json\/wp\/v2\/pages\/2611\/revisions\/2614"}],"wp:attachment":[{"href":"https:\/\/www.vandevencaravans.be\/fr\/wp-json\/wp\/v2\/media?parent=2611"}],"curies":[{"name":"wp","href":"https:\/\/api.w.org\/{rel}","templated":true}]}}